{"id":29,"date":"2023-12-11T10:30:54","date_gmt":"2023-12-11T14:30:54","guid":{"rendered":"https:\/\/recetasberni.cl\/?page_id=29"},"modified":"2023-12-13T16:13:43","modified_gmt":"2023-12-13T20:13:43","slug":"inicio","status":"publish","type":"page","link":"https:\/\/recetasberni.cl\/","title":{"rendered":"Inicio"},"content":{"rendered":"\n<figure class=\"wp-block-image alignfull size-large\"><img loading=\"lazy\" decoding=\"async\" width=\"1024\" height=\"372\" src=\"https:\/\/recetasberni.cl\/wp-content\/uploads\/2023\/12\/inicio-1-1024x372.png\" alt=\"\" class=\"wp-image-73\" srcset=\"https:\/\/recetasberni.cl\/wp-content\/uploads\/2023\/12\/inicio-1-1024x372.png 1024w, https:\/\/recetasberni.cl\/wp-content\/uploads\/2023\/12\/inicio-1-300x109.png 300w, https:\/\/recetasberni.cl\/wp-content\/uploads\/2023\/12\/inicio-1-768x279.png 768w, https:\/\/recetasberni.cl\/wp-content\/uploads\/2023\/12\/inicio-1-750x272.png 750w, https:\/\/recetasberni.cl\/wp-content\/uploads\/2023\/12\/inicio-1.png 1280w\" sizes=\"auto, (max-width: 1024px) 100vw, 1024px\" \/><\/figure>\n\n\n\n<div style=\"height:21px\" aria-hidden=\"true\" class=\"wp-block-spacer\"><\/div>\n\n\n\n<hr class=\"wp-block-separator has-css-opacity is-style-wide\"\/>\n\n\n\n<div style=\"height:30px\" aria-hidden=\"true\" class=\"wp-block-spacer\"><\/div>\n\n\n<div class=\"wp-block-image is-style-rounded\">\n<figure class=\"aligncenter size-full is-resized\"><img loading=\"lazy\" decoding=\"async\" width=\"500\" height=\"500\" src=\"https:\/\/recetasberni.cl\/wp-content\/uploads\/2023\/12\/mama.jpeg\" alt=\"\" class=\"wp-image-149\" style=\"width:150px;height:150px\" srcset=\"https:\/\/recetasberni.cl\/wp-content\/uploads\/2023\/12\/mama.jpeg 500w, https:\/\/recetasberni.cl\/wp-content\/uploads\/2023\/12\/mama-300x300.jpeg 300w, https:\/\/recetasberni.cl\/wp-content\/uploads\/2023\/12\/mama-150x150.jpeg 150w, https:\/\/recetasberni.cl\/wp-content\/uploads\/2023\/12\/mama-100x100.jpeg 100w, https:\/\/recetasberni.cl\/wp-content\/uploads\/2023\/12\/mama-200x200.jpeg 200w\" sizes=\"auto, (max-width: 500px) 100vw, 500px\" \/><\/figure><\/div>\n\n\n<blockquote class=\"wp-block-quote has-text-align-right is-style-large is-layout-flow wp-block-quote-is-layout-flow\">\n<p class=\"has-text-align-center\"><mark style=\"background-color:rgba(0, 0, 0, 0);color:#7c7c7c\" class=\"has-inline-color\">\u00abMi pasi\u00f3n por la cocina naci\u00f3 el a\u00f1o 1997 cuando empec\u00e9 hacer clases de cocina a mujeres de escasos recursos. Todo empez\u00f3 por ayudar a otras mujeres y se convirti\u00f3 en un gran espacio para desarrollar mis habilidades. <\/mark><\/p>\n\n\n\n<p class=\"has-text-align-center\"><mark style=\"background-color:rgba(0, 0, 0, 0);color:#7c7c7c\" class=\"has-inline-color\">Gracias a esto he podido crear recetas y compartirlas con todos los que me conocen y crear una red de colaboradores que me acompa\u00f1an y comparten sus preparaciones m\u00e1s deliciosas.\u00bb<\/mark><\/p>\n<cite><strong>\u2014 <em>La Berni<\/em><\/strong> <strong>\u2014 <\/strong><\/cite><\/blockquote>\n\n\n\n<div style=\"height:10px\" aria-hidden=\"true\" class=\"wp-block-spacer\"><\/div>\n\n\n\n<hr class=\"wp-block-separator has-css-opacity is-style-wide\"\/>\n\n\n\n<div style=\"height:69px\" aria-hidden=\"true\" class=\"wp-block-spacer\"><\/div>\n\n\n\n<h1 class=\"wp-block-heading has-text-align-center\"><mark style=\"background-color:rgba(0, 0, 0, 0);color:#00a200\" class=\"has-inline-color\">\u00a1\u00a1Algunas de mis preparaciones favoritas!!<\/mark><\/h1>\n\n\n\n<div style=\"height:29px\" aria-hidden=\"true\" class=\"wp-block-spacer\"><\/div>\n\n\n\n<figure class=\"wp-block-gallery alignfull has-nested-images columns-default is-cropped wp-block-gallery-1 is-layout-flex wp-block-gallery-is-layout-flex\">\n<figure class=\"wp-block-image size-large\"><a href=\"https:\/\/recetasberni.cl\/index.php\/2023\/12\/11\/arroz-verde-con-choclo-peruano\/\"><img loading=\"lazy\" decoding=\"async\" width=\"500\" height=\"263\" data-id=\"194\" src=\"https:\/\/recetasberni.cl\/wp-content\/uploads\/2023\/12\/Arroz-Verde-con-Choclo-Peruano.jpg\" alt=\"\" class=\"wp-image-194\" srcset=\"https:\/\/recetasberni.cl\/wp-content\/uploads\/2023\/12\/Arroz-Verde-con-Choclo-Peruano.jpg 500w, https:\/\/recetasberni.cl\/wp-content\/uploads\/2023\/12\/Arroz-Verde-con-Choclo-Peruano-300x158.jpg 300w\" sizes=\"auto, (max-width: 500px) 100vw, 500px\" \/><\/a><\/figure>\n\n\n\n<figure class=\"wp-block-image size-large\"><a href=\"https:\/\/recetasberni.cl\/index.php\/2023\/12\/11\/alitas-de-pollo\/\"><img loading=\"lazy\" decoding=\"async\" width=\"500\" height=\"263\" data-id=\"189\" src=\"https:\/\/recetasberni.cl\/wp-content\/uploads\/2023\/12\/alitas-de-pollo.png\" alt=\"\" class=\"wp-image-189\" srcset=\"https:\/\/recetasberni.cl\/wp-content\/uploads\/2023\/12\/alitas-de-pollo.png 500w, https:\/\/recetasberni.cl\/wp-content\/uploads\/2023\/12\/alitas-de-pollo-300x158.png 300w\" sizes=\"auto, (max-width: 500px) 100vw, 500px\" \/><\/a><\/figure>\n\n\n\n<figure class=\"wp-block-image size-large\"><a href=\"https:\/\/recetasberni.cl\/index.php\/2023\/12\/11\/baguette-gratinado-con-queso-con-hierbas\/\"><img loading=\"lazy\" decoding=\"async\" width=\"500\" height=\"263\" data-id=\"202\" src=\"https:\/\/recetasberni.cl\/wp-content\/uploads\/2023\/12\/Baguette-Gratinado-con-Queso-con-hierbas.jpg\" alt=\"\" class=\"wp-image-202\" srcset=\"https:\/\/recetasberni.cl\/wp-content\/uploads\/2023\/12\/Baguette-Gratinado-con-Queso-con-hierbas.jpg 500w, https:\/\/recetasberni.cl\/wp-content\/uploads\/2023\/12\/Baguette-Gratinado-con-Queso-con-hierbas-300x158.jpg 300w\" sizes=\"auto, (max-width: 500px) 100vw, 500px\" \/><\/a><\/figure>\n\n\n\n<figure class=\"wp-block-image size-large\"><a href=\"https:\/\/recetasberni.cl\/index.php\/2023\/12\/11\/berenjenas-a-la-parmesana\/\"><img loading=\"lazy\" decoding=\"async\" width=\"500\" height=\"263\" data-id=\"212\" src=\"https:\/\/recetasberni.cl\/wp-content\/uploads\/2023\/12\/Berenjenas-a-la-Parmesana.jpg\" alt=\"\" class=\"wp-image-212\" srcset=\"https:\/\/recetasberni.cl\/wp-content\/uploads\/2023\/12\/Berenjenas-a-la-Parmesana.jpg 500w, https:\/\/recetasberni.cl\/wp-content\/uploads\/2023\/12\/Berenjenas-a-la-Parmesana-300x158.jpg 300w\" sizes=\"auto, (max-width: 500px) 100vw, 500px\" \/><\/a><\/figure>\n\n\n\n<figure class=\"wp-block-image size-large\"><a href=\"https:\/\/recetasberni.cl\/index.php\/2023\/12\/11\/biscuit-de-chocolate\/\"><img loading=\"lazy\" decoding=\"async\" width=\"500\" height=\"263\" data-id=\"219\" src=\"https:\/\/recetasberni.cl\/wp-content\/uploads\/2023\/12\/Biscuit-de-Chocolate.png\" alt=\"\" class=\"wp-image-219\" srcset=\"https:\/\/recetasberni.cl\/wp-content\/uploads\/2023\/12\/Biscuit-de-Chocolate.png 500w, https:\/\/recetasberni.cl\/wp-content\/uploads\/2023\/12\/Biscuit-de-Chocolate-300x158.png 300w\" sizes=\"auto, (max-width: 500px) 100vw, 500px\" \/><\/a><\/figure>\n\n\n\n<figure class=\"wp-block-image size-large\"><a href=\"https:\/\/recetasberni.cl\/index.php\/2023\/12\/11\/arroz-con-leche\/\"><img loading=\"lazy\" decoding=\"async\" width=\"500\" height=\"263\" data-id=\"166\" src=\"https:\/\/recetasberni.cl\/wp-content\/uploads\/2023\/12\/arroz-con-leche.jpg\" alt=\"\" class=\"wp-image-166\" srcset=\"https:\/\/recetasberni.cl\/wp-content\/uploads\/2023\/12\/arroz-con-leche.jpg 500w, https:\/\/recetasberni.cl\/wp-content\/uploads\/2023\/12\/arroz-con-leche-300x158.jpg 300w\" sizes=\"auto, (max-width: 500px) 100vw, 500px\" \/><\/a><\/figure>\n\n\n\n<figure class=\"wp-block-image size-large\"><a href=\"https:\/\/recetasberni.cl\/index.php\/2023\/12\/11\/aji-de-gallina\/\"><img loading=\"lazy\" decoding=\"async\" width=\"500\" height=\"263\" data-id=\"69\" src=\"https:\/\/recetasberni.cl\/wp-content\/uploads\/2023\/12\/Aji-de-gallina.png\" alt=\"\" class=\"wp-image-69\" srcset=\"https:\/\/recetasberni.cl\/wp-content\/uploads\/2023\/12\/Aji-de-gallina.png 500w, https:\/\/recetasberni.cl\/wp-content\/uploads\/2023\/12\/Aji-de-gallina-300x158.png 300w\" sizes=\"auto, (max-width: 500px) 100vw, 500px\" \/><\/a><\/figure>\n\n\n\n<figure class=\"wp-block-image size-large\"><a href=\"https:\/\/recetasberni.cl\/index.php\/2023\/12\/11\/aji-de-gallina-2\/\"><img loading=\"lazy\" decoding=\"async\" width=\"500\" height=\"263\" data-id=\"145\" src=\"https:\/\/recetasberni.cl\/wp-content\/uploads\/2023\/12\/arroz-al-azafran.jpg\" alt=\"\" class=\"wp-image-145\" srcset=\"https:\/\/recetasberni.cl\/wp-content\/uploads\/2023\/12\/arroz-al-azafran.jpg 500w, https:\/\/recetasberni.cl\/wp-content\/uploads\/2023\/12\/arroz-al-azafran-300x158.jpg 300w\" sizes=\"auto, (max-width: 500px) 100vw, 500px\" \/><\/a><\/figure>\n\n\n\n<figure class=\"wp-block-image size-large\"><a href=\"https:\/\/recetasberni.cl\/index.php\/2023\/12\/11\/boef-bourguignon\/\"><img loading=\"lazy\" decoding=\"async\" width=\"500\" height=\"263\" data-id=\"237\" src=\"https:\/\/recetasberni.cl\/wp-content\/uploads\/2023\/12\/Boef-Bourguignon.jpg\" alt=\"\" class=\"wp-image-237\" srcset=\"https:\/\/recetasberni.cl\/wp-content\/uploads\/2023\/12\/Boef-Bourguignon.jpg 500w, https:\/\/recetasberni.cl\/wp-content\/uploads\/2023\/12\/Boef-Bourguignon-300x158.jpg 300w\" sizes=\"auto, (max-width: 500px) 100vw, 500px\" \/><\/a><\/figure>\n\n\n\n<figure class=\"wp-block-image size-large\"><a href=\"https:\/\/recetasberni.cl\/index.php\/2023\/12\/11\/budin-de-pan\/\"><img loading=\"lazy\" decoding=\"async\" width=\"500\" height=\"263\" data-id=\"250\" src=\"https:\/\/recetasberni.cl\/wp-content\/uploads\/2023\/12\/Budin-de-pan.jpg\" alt=\"\" class=\"wp-image-250\" srcset=\"https:\/\/recetasberni.cl\/wp-content\/uploads\/2023\/12\/Budin-de-pan.jpg 500w, https:\/\/recetasberni.cl\/wp-content\/uploads\/2023\/12\/Budin-de-pan-300x158.jpg 300w\" sizes=\"auto, (max-width: 500px) 100vw, 500px\" \/><\/a><\/figure>\n\n\n\n<figure class=\"wp-block-image size-large\"><a href=\"https:\/\/recetasberni.cl\/index.php\/2023\/12\/11\/budin-de-papas\/\"><img loading=\"lazy\" decoding=\"async\" width=\"500\" height=\"263\" data-id=\"255\" src=\"https:\/\/recetasberni.cl\/wp-content\/uploads\/2023\/12\/Budin-de-Papas.jpg\" alt=\"\" class=\"wp-image-255\" srcset=\"https:\/\/recetasberni.cl\/wp-content\/uploads\/2023\/12\/Budin-de-Papas.jpg 500w, https:\/\/recetasberni.cl\/wp-content\/uploads\/2023\/12\/Budin-de-Papas-300x158.jpg 300w\" sizes=\"auto, (max-width: 500px) 100vw, 500px\" \/><\/a><\/figure>\n\n\n\n<figure class=\"wp-block-image size-large\"><a href=\"https:\/\/recetasberni.cl\/index.php\/2023\/12\/11\/camarones-tandoori\/\"><img loading=\"lazy\" decoding=\"async\" width=\"500\" height=\"264\" data-id=\"265\" src=\"https:\/\/recetasberni.cl\/wp-content\/uploads\/2023\/12\/Camarones-Tandoori.jpg\" alt=\"\" class=\"wp-image-265\" srcset=\"https:\/\/recetasberni.cl\/wp-content\/uploads\/2023\/12\/Camarones-Tandoori.jpg 500w, https:\/\/recetasberni.cl\/wp-content\/uploads\/2023\/12\/Camarones-Tandoori-300x158.jpg 300w\" sizes=\"auto, (max-width: 500px) 100vw, 500px\" \/><\/a><\/figure>\n<\/figure>\n","protected":false},"excerpt":{"rendered":"<p>\u00abMi pasi\u00f3n por la cocina naci\u00f3 el a\u00f1o 1997 cuando empec\u00e9 hacer clases de cocina a mujeres de escasos recursos. Todo empez\u00f3 por ayudar a otras mujeres y se convirti\u00f3 en un gran espacio para desarrollar mis habilidades. Gracias a esto he podido crear recetas y compartirlas con todos los que me conocen y crear [&hellip;]<\/p>\n","protected":false},"author":1,"featured_media":0,"parent":0,"menu_order":0,"comment_status":"closed","ping_status":"closed","template":"","meta":{"cybocfi_hide_featured_image":"","footnotes":""},"class_list":["post-29","page","type-page","status-publish","hentry"],"_links":{"self":[{"href":"https:\/\/recetasberni.cl\/index.php\/wp-json\/wp\/v2\/pages\/29","targetHints":{"allow":["GET"]}}],"collection":[{"href":"https:\/\/recetasberni.cl\/index.php\/wp-json\/wp\/v2\/pages"}],"about":[{"href":"https:\/\/recetasberni.cl\/index.php\/wp-json\/wp\/v2\/types\/page"}],"author":[{"embeddable":true,"href":"https:\/\/recetasberni.cl\/index.php\/wp-json\/wp\/v2\/users\/1"}],"replies":[{"embeddable":true,"href":"https:\/\/recetasberni.cl\/index.php\/wp-json\/wp\/v2\/comments?post=29"}],"version-history":[{"count":35,"href":"https:\/\/recetasberni.cl\/index.php\/wp-json\/wp\/v2\/pages\/29\/revisions"}],"predecessor-version":[{"id":297,"href":"https:\/\/recetasberni.cl\/index.php\/wp-json\/wp\/v2\/pages\/29\/revisions\/297"}],"wp:attachment":[{"href":"https:\/\/recetasberni.cl\/index.php\/wp-json\/wp\/v2\/media?parent=29"}],"curies":[{"name":"wp","href":"https:\/\/api.w.org\/{rel}","templated":true}]}}